{"id":7,"date":"2019-02-20T15:10:54","date_gmt":"2019-02-20T15:10:54","guid":{"rendered":"http:\/\/civicbelarus.org\/en\/?page_id=7"},"modified":"2023-11-02T14:18:57","modified_gmt":"2023-11-02T13:18:57","slug":"about-us","status":"publish","type":"page","link":"https:\/\/www.civicbelarus.eu\/en\/about-us\/","title":{"rendered":"ABOUT US"},"content":{"rendered":"<p>[vc_row][vc_column width=&#8221;8\/12&#8243;][vc_custom_heading text=&#8221;About Us&#8221; use_theme_fonts=&#8221;yes&#8221; el_class=&#8221;m-b-md&#8221;][vc_column_text]<\/p>\n<p align=\"justify\"><strong>The Civic Belarus International Association was founded in 2004 with the aim of universally supporting democratic initiatives and civil society development in Belarus.<\/strong><\/p>\n<p>[\/vc_column_text]<div class=\"aio-icon-component    style_1\"><div id=\"Info-box-wrap-5521\" class=\"aio-icon-box default-icon\" style=\"\"  ><div class=\"aio-icon-default\"><div class=\"ult-just-icon-wrapper  \"><div class=\"align-icon\" style=\"text-align:center;\">\n<div class=\"aio-icon none \"  style=\"color:#24576e;font-size:24px;display:inline-block;\">\n\t<i class=\"Defaults-user\"><\/i>\n<\/div><\/div><\/div><\/div><div class=\"aio-icon-header\" ><h3 class=\"aio-icon-title ult-responsive\"  data-ultimate-target='#Info-box-wrap-5521 .aio-icon-title'  data-responsive-json-new='{\"font-size\":\"desktop:14px;\",\"line-height\":\"desktop:22px;\"}'  style=\"font-weight:bold;color:#777777;\">Founders<\/h3><\/div> <!-- header --><div class=\"aio-icon-description ult-responsive\"  data-ultimate-target='#Info-box-wrap-5521 .aio-icon-description'  data-responsive-json-new='{\"font-size\":\"\",\"line-height\":\"\"}'  style=\"\">\n<ul>\n<li>V\u00e1clav Havel,\u00a0<em>playwright, writer, former president of the Czech Republic<\/em><\/li>\n<li>Karel Schwarzenberg, <em>diplomat, former Minister of Foreign Affairs of the Czech Republic<\/em><\/li>\n<li>Jan Ruml,\u00a0<em>former interior minister and senator<\/em><\/li>\n<li>Tom\u00e1\u0161 Pojar, <em>diplomat, former Director of People in Need, 1st Deputy Foreign Minister, Ambassador of the Czech Republic to Israel, currently Vice Rector of the CEVRO Institute<\/em><\/li>\n<li>Anna \u0160abatov\u00e1, <em>former ombudsman, chairperson of the Czech Helsinki Committee, signatory of Charter 77<\/em><\/li>\n<\/ul>\n<p><\/div> <!-- description --><\/div> <!-- aio-icon-box --><\/div> <!-- aio-icon-component --><div class=\"aio-icon-component    style_1\"><div id=\"Info-box-wrap-3208\" class=\"aio-icon-box default-icon\" style=\"\"  ><div class=\"aio-icon-default\"><div class=\"ult-just-icon-wrapper  \"><div class=\"align-icon\" style=\"text-align:center;\">\n<div class=\"aio-icon none \"  style=\"color:#24576e;font-size:24px;display:inline-block;\">\n\t<i class=\"Defaults-user\"><\/i>\n<\/div><\/div><\/div><\/div><div class=\"aio-icon-header\" ><h3 class=\"aio-icon-title ult-responsive\"  data-ultimate-target='#Info-box-wrap-3208 .aio-icon-title'  data-responsive-json-new='{\"font-size\":\"desktop:14px;\",\"line-height\":\"desktop:22px;\"}'  style=\"font-weight:bold;color:#777777;\">Board of Directors<\/h3><\/div> <!-- header --><div class=\"aio-icon-description ult-responsive\"  data-ultimate-target='#Info-box-wrap-3208 .aio-icon-description'  data-responsive-json-new='{\"font-size\":\"\",\"line-height\":\"\"}'  style=\"\">\n<ul>\n<li>Ond\u0159ej Soukup \u2013 Chairman<\/li>\n<li>Martin Vidl\u00e1k<\/li>\n<li>Jan Ruml<\/li>\n<li>Anna \u0160abatov\u00e1<\/li>\n<\/ul>\n<p><\/div> <!-- description --><\/div> <!-- aio-icon-box --><\/div> <!-- aio-icon-component --><div class=\"aio-icon-component    style_1\"><div id=\"Info-box-wrap-8899\" class=\"aio-icon-box default-icon\" style=\"\"  ><div class=\"aio-icon-default\"><div class=\"ult-just-icon-wrapper  \"><div class=\"align-icon\" style=\"text-align:center;\">\n<div class=\"aio-icon none \"  style=\"color:#24576e;font-size:24px;display:inline-block;\">\n\t<i class=\"Defaults-user\"><\/i>\n<\/div><\/div><\/div><\/div><div class=\"aio-icon-header\" ><h3 class=\"aio-icon-title ult-responsive\"  data-ultimate-target='#Info-box-wrap-8899 .aio-icon-title'  data-responsive-json-new='{\"font-size\":\"desktop:14px;\",\"line-height\":\"desktop:22px;\"}'  style=\"font-weight:bold;color:#777777;\">Auditor<\/h3><\/div> <!-- header --><div class=\"aio-icon-description ult-responsive\"  data-ultimate-target='#Info-box-wrap-8899 .aio-icon-description'  data-responsive-json-new='{\"font-size\":\"\",\"line-height\":\"\"}'  style=\"\">\n<ul>\n<li>Ester Lauferov\u00e1<\/li>\n<\/ul>\n<p><\/div> <!-- description --><\/div> <!-- aio-icon-box --><\/div> <!-- aio-icon-component --><div class=\"aio-icon-component    style_1\"><div id=\"Info-box-wrap-3264\" class=\"aio-icon-box default-icon\" style=\"\"  ><div class=\"aio-icon-default\"><div class=\"ult-just-icon-wrapper  \"><div class=\"align-icon\" style=\"text-align:center;\">\n<div class=\"aio-icon none \"  style=\"color:#24576e;font-size:24px;display:inline-block;\">\n\t<i class=\"Defaults-book\"><\/i>\n<\/div><\/div><\/div><\/div><div class=\"aio-icon-header\" ><h3 class=\"aio-icon-title ult-responsive\"  data-ultimate-target='#Info-box-wrap-3264 .aio-icon-title'  data-responsive-json-new='{\"font-size\":\"desktop:14px;\",\"line-height\":\"desktop:22px;\"}'  style=\"font-weight:bold;color:#777777;\">Annual reports (in Czech only)<\/h3><\/div> <!-- header --><div class=\"aio-icon-description ult-responsive\"  data-ultimate-target='#Info-box-wrap-3264 .aio-icon-description'  data-responsive-json-new='{\"font-size\":\"\",\"line-height\":\"\"}'  style=\"\">\n<ul>\n<li><a href=\"https:\/\/www.civicbelarus.eu\/wp-content\/uploads\/2023\/10\/VZ_2022_final-1.pdf\">Annual report &#8211; year 2022<\/a><\/li>\n<li><a href=\"https:\/\/www.civicbelarus.eu\/wp-content\/uploads\/2023\/10\/Vyrocni-zprava-za-rok-2021-final-1.pdf\">Annual report &#8211; year 2021<\/a><\/li>\n<li><a href=\"http:\/\/www.civicbelarus.eu\/wp-content\/uploads\/2021\/08\/Vyrocni-zprava-OB-2020-final.pdf\">Annual report &#8211; year 2020<\/a><\/li>\n<li><a href=\"http:\/\/www.civicbelarus.eu\/wp-content\/uploads\/2020\/07\/OB_vyrocni-zprava-2019.pdf\">Annual report &#8211; year 2019<\/a><\/li>\n<li><a href=\"http:\/\/www.civicbelarus.eu\/wp-content\/uploads\/2019\/10\/Vy\u0301roc\u030cni\u0301-Zpra\u0301va-2018-Obc\u030canske\u0301-Be\u030clorusko.pdf\" target=\"_blank\" rel=\"noopener noreferrer\">Annual report &#8211; year 2018<\/a><\/li>\n<li><a href=\"http:\/\/www.civicbelarus.eu\/wp-content\/uploads\/2019\/03\/V\u00fdro\u010dn\u00ed-Zpr\u00e1va-2017-Ob\u010dansk\u00e9-B\u011blorusko.pdf\" target=\"_blank\" rel=\"noopener noreferrer\">Annual report &#8211; year 2017<\/a><\/li>\n<li><a href=\"https:\/\/www.civicbelarus.eu\/wp-content\/uploads\/2023\/10\/Priloha4.1-Vyrocni-zprava-2014.pdf\">Annual report &#8211; year 2014<\/a><\/li>\n<li><a href=\"http:\/\/www.civicbelarus.eu\/wp-content\/uploads\/2019\/03\/vyrocni_zprava_2013.pdf\" target=\"_blank\" rel=\"noopener noreferrer\">Annual report &#8211; year 2013<\/a><\/li>\n<li><a href=\"http:\/\/www.civicbelarus.eu\/wp-content\/uploads\/2019\/03\/vyrocni_zprava_2012_final.pdf\" target=\"_blank\" rel=\"noopener noreferrer\">Annual report &#8211; year 2012<\/a><\/li>\n<li><a href=\"http:\/\/www.civicbelarus.eu\/wp-content\/uploads\/2019\/03\/vyrocni_zprava_2011_final.pdf\" target=\"_blank\" rel=\"noopener noreferrer\">Annual report &#8211; year 2011<\/a><\/li>\n<li><a href=\"http:\/\/www.civicbelarus.eu\/wp-content\/uploads\/2019\/03\/Obcanske-Belorusko-Vyrocni-zprava-2010.pdf\" target=\"_blank\" rel=\"noopener noreferrer\">Annual report &#8211; year 2010<\/a><\/li>\n<li><a href=\"http:\/\/www.civicbelarus.eu\/wp-content\/uploads\/2019\/03\/OB-Vyrocni-zprava-2009-bez-ucetni-zaverky.pdf\" target=\"_blank\" rel=\"noopener noreferrer\">Annual report &#8211; year 2009<\/a><\/li>\n<\/ul>\n<p><\/div> <!-- description --><\/div> <!-- aio-icon-box --><\/div> <!-- aio-icon-component -->[\/vc_column][vc_column width=&#8221;4\/12&#8243;][vc_empty_space height=&#8221;20px&#8221;]<div class=\"aio-icon-component    style_1\"><div id=\"Info-box-wrap-6064\" class=\"aio-icon-box square_box-icon\" style=\"border-color:#e5e5e5;border-style:solid;border-width:1px;\"  ><div class=\"aio-icon-square_box\"><div class=\"ult-just-icon-wrapper  \"><div class=\"align-icon\" style=\"text-align:center;\">\n<div class=\"aio-icon circle \"  style=\"color:#24576e;background:#ffffff;font-size:24px;display:inline-block;\">\n\t<i class=\"Defaults-map-marker\"><\/i>\n<\/div><\/div><\/div><\/div><div class=\"aio-icon-header\" ><h3 class=\"aio-icon-title ult-responsive\"  data-ultimate-target='#Info-box-wrap-6064 .aio-icon-title'  data-responsive-json-new='{\"font-size\":\"desktop:20px;\",\"line-height\":\"\"}'  style=\"\">Contact us<\/h3><\/div> <!-- header --><div class=\"aio-icon-description ult-responsive\"  data-ultimate-target='#Info-box-wrap-6064 .aio-icon-description'  data-responsive-json-new='{\"font-size\":\"\",\"line-height\":\"\"}'  style=\"\">Starom\u011bstk\u00e9 n\u00e1m. 4\/1, 110 00, Prague 1,\u00a0 \u00a0 \u00a0 \u00a0 \u00a0 \u00a0 \u00a0Czechia<br \/>\n+420 774 522 733<br \/>\ninfo @ civicbelarus.eu<\/div> <!-- description --><\/div> <!-- aio-icon-box --><\/div> <!-- aio-icon-component --><div class=\"aio-icon-component    style_1\"><div id=\"Info-box-wrap-8040\" class=\"aio-icon-box square_box-icon\" style=\"border-color:#e5e5e5;border-style:solid;border-width:1px;\"  ><div class=\"aio-icon-square_box\"><div class=\"ult-just-icon-wrapper  \"><div class=\"align-icon\" style=\"text-align:center;\">\n<div class=\"aio-icon circle \"  style=\"color:#24576e;background:#ffffff;font-size:24px;display:inline-block;\">\n\t<i class=\"Defaults-info\"><\/i>\n<\/div><\/div><\/div><\/div><div class=\"aio-icon-header\" ><h3 class=\"aio-icon-title ult-responsive\"  data-ultimate-target='#Info-box-wrap-8040 .aio-icon-title'  data-responsive-json-new='{\"font-size\":\"desktop:20px;\",\"line-height\":\"\"}'  style=\"\">Invoice data<\/h3><\/div> <!-- header --><div class=\"aio-icon-description ult-responsive\"  data-ultimate-target='#Info-box-wrap-8040 .aio-icon-description'  data-responsive-json-new='{\"font-size\":\"\",\"line-height\":\"\"}'  style=\"\">Civic Belarus Association<br \/>\nB\u011blohorsk\u00e1 266\/27, 169 00 Prague 6,\u00a0 \u00a0 \u00a0 \u00a0 \u00a0 \u00a0 \u00a0 <span class=\"st\">Czechia<\/span><br \/>\nCompany ID: 26996570<\/div> <!-- description --><\/div> <!-- aio-icon-box --><\/div> <!-- aio-icon-component --><div class=\"aio-icon-component    style_1\"><div id=\"Info-box-wrap-4085\" class=\"aio-icon-box square_box-icon\" style=\"border-color:#e5e5e5;border-style:solid;border-width:1px;\"  ><div class=\"aio-icon-square_box\"><div class=\"ult-just-icon-wrapper  \"><div class=\"align-icon\" style=\"text-align:center;\">\n<div class=\"aio-icon circle \"  style=\"color:#24576e;background:#ffffff;font-size:24px;display:inline-block;\">\n\t<i class=\"Defaults-flag\"><\/i>\n<\/div><\/div><\/div><\/div><div class=\"aio-icon-header\" ><h3 class=\"aio-icon-title ult-responsive\"  data-ultimate-target='#Info-box-wrap-4085 .aio-icon-title'  data-responsive-json-new='{\"font-size\":\"desktop:20px;\",\"line-height\":\"\"}'  style=\"\">Give courage to the Belarusians<\/h3><\/div> <!-- header --><div class=\"aio-icon-description ult-responsive\"  data-ultimate-target='#Info-box-wrap-4085 .aio-icon-description'  data-responsive-json-new='{\"font-size\":\"\",\"line-height\":\"\"}'  style=\"\">\n<div class=\" ubtn-ctn-center \"><a class=\"ubtn-link ult-adjust-bottom-margin ubtn-center ubtn-small \" href=\"http:\/\/www.civicbelarus.eu\/en\/donate\/\" target=\"_blank\" rel=\"noopener noreferrer\"><button id=\"ubtn-2337\" class=\"ubtn ult-adjust-bottom-margin ult-responsive ubtn-small ubtn-no-hover-bg ulta-hang ubtn-center tooltip-5c0136a4c6331\" style=\"font-weight: bold;border: none;background: #24576e;color: #ffffff\" type=\"button\" data-hover=\"#ffffff\" data-border-color=\"\" data-bg=\"#24576e\" data-hover-bg=\"#cd2727\" data-border-hover=\"\" data-shadow-hover=\"\" data-shadow-click=\"none\" data-shadow=\"\" data-shd-shadow=\"\" data-ultimate-target=\"#ubtn-2337\" data-responsive-json-new=\"{&quot;font-size&quot;:&quot;desktop:22px;&quot;,&quot;line-height&quot;:&quot;desktop:24px;&quot;}\"><span class=\"ubtn-data ubtn-text \">DONATE<\/span><\/button><\/a><\/div>\n<p><\/div> <!-- description --><\/div> <!-- aio-icon-box --><\/div> <!-- aio-icon-component --><div class=\"aio-icon-component    style_1\"><div id=\"Info-box-wrap-4652\" class=\"aio-icon-box square_box-icon\" style=\"border-color:#e5e5e5;border-style:solid;border-width:1px;\"  ><div class=\"aio-icon-square_box\"><div class=\"ult-just-icon-wrapper  \"><div class=\"align-icon\" style=\"text-align:center;\">\n<div class=\"aio-icon circle \"  style=\"color:#24576e;background:#ffffff;font-size:24px;display:inline-block;\">\n\t<i class=\"Defaults-thumbs-o-up\"><\/i>\n<\/div><\/div><\/div><\/div><div class=\"aio-icon-header\" ><h3 class=\"aio-icon-title ult-responsive\"  data-ultimate-target='#Info-box-wrap-4652 .aio-icon-title'  data-responsive-json-new='{\"font-size\":\"desktop:20px;\",\"line-height\":\"\"}'  style=\"\">Follow us<\/h3><\/div> <!-- header --><div class=\"aio-icon-description ult-responsive\"  data-ultimate-target='#Info-box-wrap-4652 .aio-icon-description'  data-responsive-json-new='{\"font-size\":\"\",\"line-height\":\"\"}'  style=\"\">\n<aside id=\"follow-us-widget-3\" class=\"widget follow-us\">\n<div class=\"share-links\"><a class=\"share-facebook\" title=\"Facebook\" href=\"https:\/\/www.facebook.com\/CivicBelarus\" target=\"_blank\" rel=\"noopener noreferrer\">Facebook<\/a><\/div>\n<\/aside>\n<p><\/div> <!-- description --><\/div> <!-- aio-icon-box --><\/div> <!-- aio-icon-component -->[\/vc_column][vc_column][\/vc_column][vc_column][\/vc_column][\/vc_row][vc_row wrap_container=&#8221;yes&#8221; css=&#8221;.vc_custom_1543583943903{padding-top: 50px !important;padding-bottom: 40px !important;}&#8221;][vc_column][vc_separator color=&#8221;custom&#8221; gradient=&#8221;yes&#8221; accent_color=&#8221;#e5e5e5&#8243;][\/vc_column][\/vc_row][vc_row wrap_container=&#8221;yes&#8221; el_class=&#8221;m-b-xl&#8221;][vc_column width=&#8221;1\/2&#8243;]<div role=\"form\" class=\"wpcf7\" id=\"wpcf7-f1675-o1\" lang=\"en-US\" dir=\"ltr\">\n<div class=\"screen-reader-response\"><p role=\"status\" aria-live=\"polite\" aria-atomic=\"true\"><\/p> <ul><\/ul><\/div>\n<form action=\"\/en\/wp-json\/wp\/v2\/pages\/7#wpcf7-f1675-o1\" method=\"post\" class=\"wpcf7-form init\" novalidate=\"novalidate\" data-status=\"init\">\n<div style=\"display: none;\">\n<input type=\"hidden\" name=\"_wpcf7\" value=\"1675\" \/>\n<input type=\"hidden\" name=\"_wpcf7_version\" value=\"5.4.1\" \/>\n<input type=\"hidden\" name=\"_wpcf7_locale\" value=\"en_US\" \/>\n<input type=\"hidden\" name=\"_wpcf7_unit_tag\" value=\"wpcf7-f1675-o1\" \/>\n<input type=\"hidden\" name=\"_wpcf7_container_post\" value=\"0\" \/>\n<input type=\"hidden\" name=\"_wpcf7_posted_data_hash\" value=\"\" \/>\n<\/div>\n<h4 class=\"heading-primary\"><strong>Contact Us<\/strong><\/h4>\n<div class=\"row\">\n<div class=\"col-md-12\">\n<div class=\"form-group\">\n            <label for=\"contact-name\">Your name *<\/label><br \/>\n            <span class=\"wpcf7-form-control-wrap your-name\"><input type=\"text\" name=\"your-name\" value=\"\" size=\"40\" class=\"wpcf7-form-control wpcf7-text wpcf7-validates-as-required form-control\" id=\"contact-name\" aria-required=\"true\" aria-invalid=\"false\" \/><\/span>\n        <\/div>\n<\/div>\n<div class=\"col-md-12\">\n<div class=\"form-group\">\n            <label for=\"contact-email\">Your email address *<\/label><br \/>\n            <span class=\"wpcf7-form-control-wrap your-email\"><input type=\"email\" name=\"your-email\" value=\"\" size=\"40\" class=\"wpcf7-form-control wpcf7-text wpcf7-email wpcf7-validates-as-required wpcf7-validates-as-email form-control\" id=\"contact-email\" aria-required=\"true\" aria-invalid=\"false\" \/><\/span>\n        <\/div>\n<\/div>\n<div class=\"col-md-12\">\n<div class=\"form-group\">\n            <label for=\"contact-subject\">Subject<\/label><br \/>\n            <span class=\"wpcf7-form-control-wrap your-subject\"><input type=\"text\" name=\"your-subject\" value=\"\" size=\"40\" class=\"wpcf7-form-control wpcf7-text form-control\" id=\"contact-subject\" aria-invalid=\"false\" \/><\/span>\n        <\/div>\n<\/div>\n<div class=\"col-md-12\">\n<div class=\"form-group\">\n            <label for=\"contact-message\">Message *<\/label><br \/>\n            <span class=\"wpcf7-form-control-wrap your-message\"><textarea name=\"your-message\" cols=\"40\" rows=\"3\" class=\"wpcf7-form-control wpcf7-textarea wpcf7-validates-as-required form-control\" id=\"contact-message\" aria-required=\"true\" aria-invalid=\"false\"><\/textarea><\/span>\n        <\/div>\n<\/div>\n<div class=\"col-md-12\">\n<div class=\"form-group\">\n            <input type=\"submit\" value=\"Send Message\" class=\"wpcf7-form-control wpcf7-submit btn btn-primary\" \/>\n        <\/div>\n<\/div>\n<\/div>\n<div class=\"wpcf7-response-output\" aria-hidden=\"true\"><\/div><\/form><\/div>[\/vc_column][vc_column width=&#8221;1\/2&#8243;][vc_empty_space height=&#8221;65px&#8221;][vc_gmaps link=&#8221;#E-8_JTNDaWZyYW1lJTIwc3JjJTNEJTIyaHR0cHMlM0ElMkYlMkZ3d3cuZ29vZ2xlLmNvbSUyRm1hcHMlMkZlbWJlZCUzRnBiJTNEJTIxMW0xNiUyMTFtMTIlMjExbTMlMjExZDYzOS45ODc5MzA0MTc0OTI5JTIxMmQxNC40MjA2OTg5ODgxNTk3NyUyMTNkNTAuMDg3MTkwNzU5MTg5MDA2JTIxMm0zJTIxMWYwJTIxMmYwJTIxM2YwJTIxM20yJTIxMWkxMDI0JTIxMmk3NjglMjE0ZjEzLjElMjEybTElMjExelUzUmhjbTl0eEp0emRHdkRxU0J1dzZGdExpQTBMekVzSURFeE1DQXdNQ3dnVUhKaFozVmxJREVzSUVONlpXTm9JRkpsY0hWaWJHbGolMjE1ZTAlMjEzbTIlMjExc2NzJTIxMnNjeiUyMTR2MTY3OTY2NjEzNTM2MCUyMTVtMiUyMTFzY3MlMjEyc2N6JTIyJTIwd2lkdGglM0QlMjI2MDAlMjIlMjBoZWlnaHQlM0QlMjI0NTAlMjIlMjBzdHlsZSUzRCUyMmJvcmRlciUzQTAlM0IlMjIlMjBhbGxvd2Z1bGxzY3JlZW4lM0QlMjIlMjIlMjBsb2FkaW5nJTNEJTIybGF6eSUyMiUyMHJlZmVycmVycG9saWN5JTNEJTIybm8tcmVmZXJyZXItd2hlbi1kb3duZ3JhZGUlMjIlM0UlM0MlMkZpZnJhbWUlM0U=&#8221;][\/vc_column][\/vc_row]<\/p>\n","protected":false},"excerpt":{"rendered":"<p>[vc_row][vc_column width=&#8221;8\/12&#8243;][vc_custom_heading text=&#8221;About Us&#8221; use_theme_fonts=&#8221;yes&#8221; el_class=&#8221;m-b-md&#8221;][vc_column_text] The Civic Belarus International Association was founded in 2004 with the aim of universally supporting democratic initiatives and civil society development in Belarus. [\/vc_column_text][\/vc_column][vc_column width=&#8221;4\/12&#8243;][vc_empty_space height=&#8221;20px&#8221;][\/vc_column][vc_column][\/vc_column][vc_column][\/vc_column][\/vc_row][vc_row wrap_container=&#8221;yes&#8221; css=&#8221;.vc_custom_1543583943903{padding-top: 50px !important;padding-bottom: 40px !important;}&#8221;][vc_column][vc_separator color=&#8221;custom&#8221; gradient=&#8221;yes&#8221; accent_color=&#8221;#e5e5e5&#8243;][\/vc_column][\/vc_row][vc_row wrap_container=&#8221;yes&#8221; el_class=&#8221;m-b-xl&#8221;][vc_column width=&#8221;1\/2&#8243;][\/vc_column][vc_column width=&#8221;1\/2&#8243;][vc_empty_space height=&#8221;65px&#8221;][vc_gmaps link=&#8221;#E-8_JTNDaWZyYW1lJTIwc3JjJTNEJTIyaHR0cHMlM0ElMkYlMkZ3d3cuZ29vZ2xlLmNvbSUyRm1hcHMlMkZlbWJlZCUzRnBiJTNEJTIxMW0xNiUyMTFtMTIlMjExbTMlMjExZDYzOS45ODc5MzA0MTc0OTI5JTIxMmQxNC40MjA2OTg5ODgxNTk3NyUyMTNkNTAuMDg3MTkwNzU5MTg5MDA2JTIxMm0zJTIxMWYwJTIxMmYwJTIxM2YwJTIxM20yJTIxMWkxMDI0JTIxMmk3NjglMjE0ZjEzLjElMjEybTElMjExelUzUmhjbTl0eEp0emRHdkRxU0J1dzZGdExpQTBMekVzSURFeE1DQXdNQ3dnVUhKaFozVmxJREVzSUVONlpXTm9JRkpsY0hWaWJHbGolMjE1ZTAlMjEzbTIlMjExc2NzJTIxMnNjeiUyMTR2MTY3OTY2NjEzNTM2MCUyMTVtMiUyMTFzY3MlMjEyc2N6JTIyJTIwd2lkdGglM0QlMjI2MDAlMjIlMjBoZWlnaHQlM0QlMjI0NTAlMjIlMjBzdHlsZSUzRCUyMmJvcmRlciUzQTAlM0IlMjIlMjBhbGxvd2Z1bGxzY3JlZW4lM0QlMjIlMjIlMjBsb2FkaW5nJTNEJTIybGF6eSUyMiUyMHJlZmVycmVycG9saWN5JTNEJTIybm8tcmVmZXJyZXItd2hlbi1kb3duZ3JhZGUlMjIlM0UlM0MlMkZpZnJhbWUlM0U=&#8221;][\/vc_column][\/vc_row]<\/p>\n","protected":false},"author":1,"featured_media":0,"parent":0,"menu_order":0,"comment_status":"closed","ping_status":"closed","template":"","meta":[],"_links":{"self":[{"href":"https:\/\/www.civicbelarus.eu\/en\/wp-json\/wp\/v2\/pages\/7"}],"collection":[{"href":"https:\/\/www.civicbelarus.eu\/en\/wp-json\/wp\/v2\/pages"}],"about":[{"href":"https:\/\/www.civicbelarus.eu\/en\/wp-json\/wp\/v2\/types\/page"}],"author":[{"embeddable":true,"href":"https:\/\/www.civicbelarus.eu\/en\/wp-json\/wp\/v2\/users\/1"}],"replies":[{"embeddable":true,"href":"https:\/\/www.civicbelarus.eu\/en\/wp-json\/wp\/v2\/comments?post=7"}],"version-history":[{"count":13,"href":"https:\/\/www.civicbelarus.eu\/en\/wp-json\/wp\/v2\/pages\/7\/revisions"}],"predecessor-version":[{"id":2033,"href":"https:\/\/www.civicbelarus.eu\/en\/wp-json\/wp\/v2\/pages\/7\/revisions\/2033"}],"wp:attachment":[{"href":"https:\/\/www.civicbelarus.eu\/en\/wp-json\/wp\/v2\/media?parent=7"}],"curies":[{"name":"wp","href":"https:\/\/api.w.org\/{rel}","templated":true}]}}